{"id":797,"date":"2025-12-12T07:28:40","date_gmt":"2025-12-12T07:28:40","guid":{"rendered":"https:\/\/comexsa.net\/?page_id=797"},"modified":"2026-03-02T16:56:52","modified_gmt":"2026-03-02T16:56:52","slug":"nuestra-historia","status":"publish","type":"page","link":"https:\/\/comexsa.net\/?page_id=797","title":{"rendered":"Nuestra historia"},"content":{"rendered":"<article class=\"news-article\" aria-labelledby=\"titulo-comexsa\">\n<div class=\"news-hero\">\n<h2 class=\"image-wrap\" style=\"text-align: center;\" role=\"img\" aria-label=\"Campos al atardecer con especias en primer plano\"><strong>COMEXSA: m\u00e1s de 40 a\u00f1os de tradici\u00f3n, confianza e innovaci\u00f3n<\/strong><\/h2>\n<p><a href=\"https:\/\/comexsa.net\/wp-content\/uploads\/2026\/03\/quienessomos.jpg\"><img fetchpriority=\"high\" decoding=\"async\" class=\"aligncenter wp-image-884 size-large\" src=\"https:\/\/comexsa.net\/wp-content\/uploads\/2026\/03\/quienessomos-1024x683.jpg\" alt=\"\" width=\"1024\" height=\"683\" srcset=\"https:\/\/comexsa.net\/wp-content\/uploads\/2026\/03\/quienessomos-1024x683.jpg 1024w, https:\/\/comexsa.net\/wp-content\/uploads\/2026\/03\/quienessomos-300x200.jpg 300w, https:\/\/comexsa.net\/wp-content\/uploads\/2026\/03\/quienessomos-768x512.jpg 768w, https:\/\/comexsa.net\/wp-content\/uploads\/2026\/03\/quienessomos-1200x800.jpg 1200w, https:\/\/comexsa.net\/wp-content\/uploads\/2026\/03\/quienessomos-600x400.jpg 600w, https:\/\/comexsa.net\/wp-content\/uploads\/2026\/03\/quienessomos.jpg 1536w\" sizes=\"(max-width: 1024px) 100vw, 1024px\" \/><\/a><\/p>\n<div style=\"text-align: center;\">\n<div class=\"meta\"><\/div>\n<div class=\"article-body\">\n<p class=\"p1\">La trayectoria de COMEXSA se inicia a principios de los a\u00f1os 80, con una s\u00f3lida base en el sector c\u00e1rnico y una clara orientaci\u00f3n hacia la especializaci\u00f3n y la mejora continua. Desde sus inicios, la compa\u00f1\u00eda ha acumulado una amplia experiencia en procesos de elaboraci\u00f3n y conocimiento t\u00e9cnico del sector, sentando las bases de un proyecto empresarial orientado a la calidad y al servicio al cliente.<\/p>\n<p class=\"p1\">Tras a\u00f1os de experiencia profesional, se puso en marcha un obrador c\u00e1rnico en Barcelona, desarrollando una cartera de clientes basada en la confianza, el compromiso y la constancia. Esta etapa fue clave para consolidar una filosof\u00eda de trabajo centrada en la cercan\u00eda y en la b\u00fasqueda de soluciones eficaces para cada necesidad.<\/p>\n<p class=\"p1\">En 1999, COMEXSA dio un paso decisivo hacia la especializaci\u00f3n en el \u00e1mbito de las especias y aditivos c\u00e1rnicos, \u00e1rea en la que ha desarrollado su identidad y posicionamiento actual. Desde entonces, la empresa ha mantenido una apuesta firme por la formaci\u00f3n continua, el asesoramiento t\u00e9cnico especializado y la mejora constante de sus productos y servicios.<\/p>\n<p class=\"p1\">El crecimiento comercial y la consolidaci\u00f3n de la relaci\u00f3n con los clientes han sido pilares fundamentales en la evoluci\u00f3n de la compa\u00f1\u00eda, manteniendo siempre un enfoque basado en el trato profesional, la confianza y la colaboraci\u00f3n a largo plazo.<\/p>\n<p class=\"p1\">Con el paso de los a\u00f1os, COMEXSA ha evolucionado integrando innovaci\u00f3n, conocimiento t\u00e9cnico y una clara orientaci\u00f3n al cliente, sin perder los valores que han definido su trayectoria desde el inicio.<\/p>\n<p class=\"p1\">Hoy, COMEXSA es una empresa s\u00f3lida dentro del sector, comprometida con ofrecer productos y soluciones de alta calidad, respaldados por m\u00e1s de 40 a\u00f1os de experiencia y orientados a seguir creciendo junto a sus clientes.<\/p>\n<p><a class=\"back-home\" href=\"https:\/\/www.comexsa.net\">Volver al inicio<\/a><\/p>\n<\/div>\n<\/div>\n<\/div>\n<\/article>\n<p style=\"text-align: center;\">\n","protected":false},"excerpt":{"rendered":"<p>COMEXSA: m\u00e1s de 40 a\u00f1os de tradici\u00f3n, confianza e innovaci\u00f3n La trayectoria de COMEXSA se inicia a principios de los a\u00f1os 80, con una s\u00f3lida base en el sector c\u00e1rnico y una clara orientaci\u00f3n hacia la especializaci\u00f3n y la mejora continua. Desde sus inicios, la compa\u00f1\u00eda ha acumulado una amplia experiencia en procesos de elaboraci\u00f3n [&hellip;]<\/p>\n","protected":false},"author":1,"featured_media":799,"parent":0,"menu_order":0,"comment_status":"closed","ping_status":"closed","template":"","meta":{"_eb_attr":"","_regular_price":[],"currency_symbol":[],"footnotes":""},"class_list":["post-797","page","type-page","status-publish","has-post-thumbnail","hentry"],"post_slider_layout_featured_media_urls":{"thumbnail":["https:\/\/comexsa.net\/wp-content\/uploads\/2025\/12\/image-150x150.jpg",150,150,true],"post_slider_layout_landscape_large":["https:\/\/comexsa.net\/wp-content\/uploads\/2025\/12\/image-1200x800.jpg",1200,800,true],"post_slider_layout_portrait_large":["https:\/\/comexsa.net\/wp-content\/uploads\/2025\/12\/image-1200x1024.jpg",1200,1024,true],"post_slider_layout_square_large":["https:\/\/comexsa.net\/wp-content\/uploads\/2025\/12\/image-1200x1024.jpg",1200,1024,true],"post_slider_layout_landscape":["https:\/\/comexsa.net\/wp-content\/uploads\/2025\/12\/image-600x400.jpg",600,400,true],"post_slider_layout_portrait":["https:\/\/comexsa.net\/wp-content\/uploads\/2025\/12\/image-600x900.jpg",600,900,true],"post_slider_layout_square":["https:\/\/comexsa.net\/wp-content\/uploads\/2025\/12\/image-600x600.jpg",600,600,true],"full":["https:\/\/comexsa.net\/wp-content\/uploads\/2025\/12\/image.jpg",1536,1024,false]},"_links":{"self":[{"href":"https:\/\/comexsa.net\/index.php?rest_route=\/wp\/v2\/pages\/797","targetHints":{"allow":["GET"]}}],"collection":[{"href":"https:\/\/comexsa.net\/index.php?rest_route=\/wp\/v2\/pages"}],"about":[{"href":"https:\/\/comexsa.net\/index.php?rest_route=\/wp\/v2\/types\/page"}],"author":[{"embeddable":true,"href":"https:\/\/comexsa.net\/index.php?rest_route=\/wp\/v2\/users\/1"}],"replies":[{"embeddable":true,"href":"https:\/\/comexsa.net\/index.php?rest_route=%2Fwp%2Fv2%2Fcomments&post=797"}],"version-history":[{"count":11,"href":"https:\/\/comexsa.net\/index.php?rest_route=\/wp\/v2\/pages\/797\/revisions"}],"predecessor-version":[{"id":886,"href":"https:\/\/comexsa.net\/index.php?rest_route=\/wp\/v2\/pages\/797\/revisions\/886"}],"wp:featuredmedia":[{"embeddable":true,"href":"https:\/\/comexsa.net\/index.php?rest_route=\/wp\/v2\/media\/799"}],"wp:attachment":[{"href":"https:\/\/comexsa.net\/index.php?rest_route=%2Fwp%2Fv2%2Fmedia&parent=797"}],"curies":[{"name":"wp","href":"https:\/\/api.w.org\/{rel}","templated":true}]}}