{"id":754,"date":"2025-12-07T08:54:31","date_gmt":"2025-12-07T08:54:31","guid":{"rendered":"https:\/\/comexsa.net\/?post_type=product&#038;p=754"},"modified":"2026-02-11T09:27:51","modified_gmt":"2026-02-11T09:27:51","slug":"rebozador-tex-mex-gluten-free","status":"publish","type":"product","link":"https:\/\/comexsa.net\/?product=rebozador-tex-mex-gluten-free","title":{"rendered":"Rebozador Tex Mex (Gluten Free)"},"content":{"rendered":"","protected":false},"excerpt":{"rendered":"<p>Presentamos nuestro nuevo\u00a0<strong>Rebozador Tex Mex Gluten Free<\/strong>, una mezcla crujiente y arom\u00e1tica<br \/>\npensada para quienes buscan un rebozado lleno de personalidad, pero\u00a0<strong>sin gluten<\/strong>.<br \/>\nSu combinaci\u00f3n de pan amarillo finamente molido y chimichurri seleccionado aporta un toque especiado,<br \/>\nc\u00e1lido y ligeramente picante que transforma cualquier receta en una explosi\u00f3n de sabor.<\/p>\n<p>Elaborado espec\u00edficamente para\u00a0<strong>cel\u00edacos e intolerantes al gluten<\/strong>, este rebozador garantiza seguridad<br \/>\ny tranquilidad sin renunciar a una textura perfecta. Cada grano est\u00e1 dise\u00f1ado para adherirse con facilidad,<br \/>\ndorar de manera uniforme y ofrecer un acabado crujiente y sabroso en carnes, pescados, verduras o<br \/>\npreparaciones veganas.<\/p>\n<p>Una opci\u00f3n vers\u00e1til, pr\u00e1ctica y deliciosa que ampl\u00eda las posibilidades en cocina para todos,<br \/>\ncon el aut\u00e9ntico car\u00e1cter Tex Mex que define a\u00a0<strong>Comexsa<\/strong>.<\/p>\n","protected":false},"featured_media":879,"template":"","meta":{"_eb_attr":"","_regular_price":[],"currency_symbol":[]},"product_brand":[],"product_cat":[69,17],"product_tag":[],"class_list":{"0":"post-754","1":"product","2":"type-product","3":"status-publish","4":"has-post-thumbnail","6":"product_cat-destacados","7":"product_cat-panes-rallados","9":"first","10":"instock","11":"taxable","12":"shipping-taxable","13":"product-type-simple"},"post_slider_layout_featured_media_urls":{"thumbnail":["https:\/\/comexsa.net\/wp-content\/uploads\/2025\/12\/WhatsApp-Image-2026-01-28-at-15.48.25-3-150x150.jpeg",150,150,true],"post_slider_layout_landscape_large":["https:\/\/comexsa.net\/wp-content\/uploads\/2025\/12\/WhatsApp-Image-2026-01-28-at-15.48.25-3-1013x800.jpeg",1013,800,true],"post_slider_layout_portrait_large":["https:\/\/comexsa.net\/wp-content\/uploads\/2025\/12\/WhatsApp-Image-2026-01-28-at-15.48.25-3.jpeg",1013,1006,false],"post_slider_layout_square_large":["https:\/\/comexsa.net\/wp-content\/uploads\/2025\/12\/WhatsApp-Image-2026-01-28-at-15.48.25-3.jpeg",1013,1006,false],"post_slider_layout_landscape":["https:\/\/comexsa.net\/wp-content\/uploads\/2025\/12\/WhatsApp-Image-2026-01-28-at-15.48.25-3-600x400.jpeg",600,400,true],"post_slider_layout_portrait":["https:\/\/comexsa.net\/wp-content\/uploads\/2025\/12\/WhatsApp-Image-2026-01-28-at-15.48.25-3-600x900.jpeg",600,900,true],"post_slider_layout_square":["https:\/\/comexsa.net\/wp-content\/uploads\/2025\/12\/WhatsApp-Image-2026-01-28-at-15.48.25-3-600x600.jpeg",600,600,true],"full":["https:\/\/comexsa.net\/wp-content\/uploads\/2025\/12\/WhatsApp-Image-2026-01-28-at-15.48.25-3.jpeg",1013,1006,false]},"_links":{"self":[{"href":"https:\/\/comexsa.net\/index.php?rest_route=\/wp\/v2\/product\/754","targetHints":{"allow":["GET"]}}],"collection":[{"href":"https:\/\/comexsa.net\/index.php?rest_route=\/wp\/v2\/product"}],"about":[{"href":"https:\/\/comexsa.net\/index.php?rest_route=\/wp\/v2\/types\/product"}],"wp:featuredmedia":[{"embeddable":true,"href":"https:\/\/comexsa.net\/index.php?rest_route=\/wp\/v2\/media\/879"}],"wp:attachment":[{"href":"https:\/\/comexsa.net\/index.php?rest_route=%2Fwp%2Fv2%2Fmedia&parent=754"}],"wp:term":[{"taxonomy":"product_brand","embeddable":true,"href":"https:\/\/comexsa.net\/index.php?rest_route=%2Fwp%2Fv2%2Fproduct_brand&post=754"},{"taxonomy":"product_cat","embeddable":true,"href":"https:\/\/comexsa.net\/index.php?rest_route=%2Fwp%2Fv2%2Fproduct_cat&post=754"},{"taxonomy":"product_tag","embeddable":true,"href":"https:\/\/comexsa.net\/index.php?rest_route=%2Fwp%2Fv2%2Fproduct_tag&post=754"}],"curies":[{"name":"wp","href":"https:\/\/api.w.org\/{rel}","templated":true}]}}